{"id":8959,"date":"2025-11-17T07:28:33","date_gmt":"2025-11-17T06:28:33","guid":{"rendered":"https:\/\/teamwire.eu\/en\/?page_id=8959"},"modified":"2025-12-04T10:19:05","modified_gmt":"2025-12-04T09:19:05","slug":"whatsapp-in-der-pflege-lieber-nicht","status":"publish","type":"page","link":"https:\/\/teamwire.eu\/en\/guides\/whatsapp-in-der-pflege-lieber-nicht\/","title":{"rendered":"[Doesn&#8217;t exist in EN] WhatsApp in der Pflege? WhatsApp in der Pflege? Lieber nicht!"},"content":{"rendered":"\t\t<div data-elementor-type=\"wp-page\" data-elementor-id=\"8959\" class=\"elementor elementor-8959\" data-elementor-post-type=\"page\">\n\t\t\t\t<div class=\"elementor-element elementor-element-731f2200 e-flex e-con-boxed e-con e-parent\" data-id=\"731f2200\" data-element_type=\"container\">\n\t\t\t\t\t<div class=\"e-con-inner\">\n\t\t\t\t<div class=\"elementor-element elementor-element-2e52ffcb elementor-widget elementor-widget-li-spacer\" data-id=\"2e52ffcb\" data-element_type=\"widget\" data-widget_type=\"li-spacer.default\">\n\t\t\t\t\t<div class=\"li-elementor-widget li-elementor-widget--li-spacer\">\n    <div class=\"li-spacer-inner\"><\/div>\n<\/div>\n\t\t\t\t<\/div>\n\t\t<div class=\"elementor-element elementor-element-7803c2f9 e-con-full e-flex e-con e-child\" data-id=\"7803c2f9\" data-element_type=\"container\">\n\t\t<div class=\"elementor-element elementor-element-64c0c8c4 e-con-full e-flex e-con e-child\" data-id=\"64c0c8c4\" data-element_type=\"container\">\n\t\t\t\t<div class=\"elementor-element elementor-element-2d89b3b2 elementor-widget elementor-widget-li-headline\" data-id=\"2d89b3b2\" data-element_type=\"widget\" data-widget_type=\"li-headline.default\">\n\t\t\t\t\t<div class=\"li-elementor-widget li-elementor-widget--li-headline text-left text-md-left text-xs-left \">\n                <div class=\"li-headline-teaser\">\n                <p class=\"body-sm  text-uppercase letter-spacing-1 \">\n                    Leitfaden                <\/p>\n            <\/div>\n        <h2 class=\"headline h2 text--semi-bold mr-auto mr-md-auto mr-xs-auto \">\n        Leitfaden: WhatsApp in der Pflege? Lieber nicht!    <\/h2>\n        <p class=\"subheadline font-xl letter-spacing-positive-s mr-auto mr-md-auto mr-xs-auto  \">\n        So gelingt der Wechsel zu einer datenschutzkonformen L\u00f6sung. Ohne auf die Flexibilit\u00e4t von WhatsApp verzichten zu m\u00fcssen.\nUnser Leitfaden verr\u00e4t Ihnen, warum das Verwenden von WhatsApp f\u00fcr Sie als Pflegeservice oder Medizinischer Dienst zum Problem werden kann. Zudem entdecken Sie darin, welche Sicherheitsstufe und welche Features eine WhatsApp-Alternative bieten muss, um eine sichere und DSGVO-konforme Option zu sein.    <\/p>\n    <\/div>\n\t\t\t\t<\/div>\n\t\t<div class=\"elementor-element elementor-element-714f3d97 e-con-full e-flex e-con e-child\" data-id=\"714f3d97\" data-element_type=\"container\">\n\t\t\t\t<div class=\"elementor-element elementor-element-51ee6af3 elementor-widget elementor-widget-image\" data-id=\"51ee6af3\" data-element_type=\"widget\" data-widget_type=\"image.default\">\n\t\t\t\t\t\t\t\t\t\t\t\t\t\t\t<img fetchpriority=\"high\" decoding=\"async\" width=\"581\" height=\"323\" src=\"https:\/\/teamwire.eu\/en\/wp-content\/uploads\/sites\/2\/2025\/11\/Placeholder.png\" class=\"attachment-large size-large wp-image-8937\" alt=\"Placeholder\" srcset=\"https:\/\/teamwire.eu\/en\/wp-content\/uploads\/sites\/2\/2025\/11\/Placeholder.png 581w, https:\/\/teamwire.eu\/en\/wp-content\/uploads\/sites\/2\/2025\/11\/Placeholder-300x167.png 300w\" sizes=\"(max-width: 581px) 100vw, 581px\" \/>\t\t\t\t\t\t\t\t\t\t\t\t\t\t\t<\/div>\n\t\t\t\t<\/div>\n\t\t<div class=\"elementor-element elementor-element-7d5daaae e-con-full e-flex e-con e-child\" data-id=\"7d5daaae\" data-element_type=\"container\">\n\t\t<div class=\"elementor-element elementor-element-45dbba24 e-con-full e-flex e-con e-child\" data-id=\"45dbba24\" data-element_type=\"container\">\n\t\t\t\t<div class=\"elementor-element elementor-element-16ae0286 elementor-widget__width-inherit elementor-widget elementor-widget-li-headline\" data-id=\"16ae0286\" data-element_type=\"widget\" data-widget_type=\"li-headline.default\">\n\t\t\t\t\t<div class=\"li-elementor-widget li-elementor-widget--li-headline text-left text-md-left text-xs-left \">\n        <p class=\"headline p text--semi-bold mr-auto mr-md-auto mr-xs-auto \">\n        DARUM GEHT'S:    <\/p>\n    <\/div>\n\t\t\t\t<\/div>\n\t\t\t\t<\/div>\n\t\t\t\t<div class=\"elementor-element elementor-element-4db0d74 elementor-widget__width-initial elementor-widget elementor-widget-li-icon-text\" data-id=\"4db0d74\" data-element_type=\"widget\" data-widget_type=\"li-icon-text.default\">\n\t\t\t\t\t\n<div class=\"li-elementor-widget li-elementor-widget--li-icon-text\">\n    <div class=\"d-flex icon-text-wrapper items-start flex-row gap-extra-small\">\n        <div class=\"li--icon d-flex icon-extra-small  \">\n            <svg xmlns=\"http:\/\/www.w3.org\/2000\/svg\" width=\"17\" height=\"18\" viewBox=\"0 0 17 18\" fill=\"none\"><path d=\"M8.50098 0.354492C9.65375 0.354492 10.7371 0.57352 11.751 1.01074C12.7647 1.44846 13.6466 2.04214 14.3965 2.79199C15.1465 3.54199 15.7405 4.42459 16.1777 5.43848C16.6154 6.45226 16.834 7.53584 16.834 8.68848C16.8339 9.84111 16.6155 10.9247 16.1777 11.9385C15.7405 12.9522 15.1464 13.8341 14.3965 14.584C13.6465 15.3339 12.7648 15.9281 11.751 16.3652C10.7371 16.803 9.65369 17.0215 8.50098 17.0215C7.34827 17.0215 6.26482 16.803 5.25098 16.3652C4.23718 15.9281 3.35543 15.3339 2.60547 14.584C1.85554 13.8341 1.26143 12.9522 0.824219 11.9385C0.38649 10.9247 0.168018 9.84111 0.167969 8.68848C0.167969 7.53584 0.386545 6.45226 0.824219 5.43848C1.26144 4.42459 1.85547 3.54199 2.60547 2.79199C3.35539 2.04214 4.23724 1.44846 5.25098 1.01074C6.26487 0.57352 7.3482 0.354492 8.50098 0.354492ZM7.33398 10.1885L4.95898 7.81348L3.79297 8.97949L7.33398 12.5215L13.209 6.64648L12.043 5.47949L7.33398 10.1885Z\" fill=\"#1540E8\"><\/path><\/svg>        <\/div>\n                    <div class=\"wrapper d-flex flex-column gap-extra-small justify-start\" style=\"max-width: %\">\n                                    <div class=\"li--text d-flex flex-column\n                    body-md                                         \">\n                        Warum ist es problematisch, WhatsApp im Pflegealltag zu nutzen?\n                    <\/div>\n                                            <\/div>\n            <\/div>\n<\/div>\n\t\t\t\t<\/div>\n\t\t\t\t<div class=\"elementor-element elementor-element-5c93e5db elementor-widget__width-initial elementor-widget elementor-widget-li-icon-text\" data-id=\"5c93e5db\" data-element_type=\"widget\" data-widget_type=\"li-icon-text.default\">\n\t\t\t\t\t\n<div class=\"li-elementor-widget li-elementor-widget--li-icon-text\">\n    <div class=\"d-flex icon-text-wrapper items-start flex-row gap-extra-small\">\n        <div class=\"li--icon d-flex icon-extra-small  \">\n            <svg xmlns=\"http:\/\/www.w3.org\/2000\/svg\" width=\"17\" height=\"18\" viewBox=\"0 0 17 18\" fill=\"none\"><path d=\"M8.50098 0.354492C9.65375 0.354492 10.7371 0.57352 11.751 1.01074C12.7647 1.44846 13.6466 2.04214 14.3965 2.79199C15.1465 3.54199 15.7405 4.42459 16.1777 5.43848C16.6154 6.45226 16.834 7.53584 16.834 8.68848C16.8339 9.84111 16.6155 10.9247 16.1777 11.9385C15.7405 12.9522 15.1464 13.8341 14.3965 14.584C13.6465 15.3339 12.7648 15.9281 11.751 16.3652C10.7371 16.803 9.65369 17.0215 8.50098 17.0215C7.34827 17.0215 6.26482 16.803 5.25098 16.3652C4.23718 15.9281 3.35543 15.3339 2.60547 14.584C1.85554 13.8341 1.26143 12.9522 0.824219 11.9385C0.38649 10.9247 0.168018 9.84111 0.167969 8.68848C0.167969 7.53584 0.386545 6.45226 0.824219 5.43848C1.26144 4.42459 1.85547 3.54199 2.60547 2.79199C3.35539 2.04214 4.23724 1.44846 5.25098 1.01074C6.26487 0.57352 7.3482 0.354492 8.50098 0.354492ZM7.33398 10.1885L4.95898 7.81348L3.79297 8.97949L7.33398 12.5215L13.209 6.64648L12.043 5.47949L7.33398 10.1885Z\" fill=\"#1540E8\"><\/path><\/svg>        <\/div>\n                    <div class=\"wrapper d-flex flex-column gap-extra-small justify-start\" style=\"max-width: %\">\n                                    <div class=\"li--text d-flex flex-column\n                    body-md                                         \">\n                        Wie finde ich den richtigen Business Messenger f\u00fcr die Bed\u00fcrfnisse meines Teams?                    <\/div>\n                                            <\/div>\n            <\/div>\n<\/div>\n\t\t\t\t<\/div>\n\t\t\t\t<div class=\"elementor-element elementor-element-60f3328c elementor-widget__width-initial elementor-widget elementor-widget-li-icon-text\" data-id=\"60f3328c\" data-element_type=\"widget\" data-widget_type=\"li-icon-text.default\">\n\t\t\t\t\t\n<div class=\"li-elementor-widget li-elementor-widget--li-icon-text\">\n    <div class=\"d-flex icon-text-wrapper items-start flex-row gap-extra-small\">\n        <div class=\"li--icon d-flex icon-extra-small  \">\n            <svg xmlns=\"http:\/\/www.w3.org\/2000\/svg\" width=\"17\" height=\"18\" viewBox=\"0 0 17 18\" fill=\"none\"><path d=\"M8.50098 0.354492C9.65375 0.354492 10.7371 0.57352 11.751 1.01074C12.7647 1.44846 13.6466 2.04214 14.3965 2.79199C15.1465 3.54199 15.7405 4.42459 16.1777 5.43848C16.6154 6.45226 16.834 7.53584 16.834 8.68848C16.8339 9.84111 16.6155 10.9247 16.1777 11.9385C15.7405 12.9522 15.1464 13.8341 14.3965 14.584C13.6465 15.3339 12.7648 15.9281 11.751 16.3652C10.7371 16.803 9.65369 17.0215 8.50098 17.0215C7.34827 17.0215 6.26482 16.803 5.25098 16.3652C4.23718 15.9281 3.35543 15.3339 2.60547 14.584C1.85554 13.8341 1.26143 12.9522 0.824219 11.9385C0.38649 10.9247 0.168018 9.84111 0.167969 8.68848C0.167969 7.53584 0.386545 6.45226 0.824219 5.43848C1.26144 4.42459 1.85547 3.54199 2.60547 2.79199C3.35539 2.04214 4.23724 1.44846 5.25098 1.01074C6.26487 0.57352 7.3482 0.354492 8.50098 0.354492ZM7.33398 10.1885L4.95898 7.81348L3.79297 8.97949L7.33398 12.5215L13.209 6.64648L12.043 5.47949L7.33398 10.1885Z\" fill=\"#1540E8\"><\/path><\/svg>        <\/div>\n                    <div class=\"wrapper d-flex flex-column gap-extra-small justify-start\" style=\"max-width: %\">\n                                    <div class=\"li--text d-flex flex-column\n                    body-md                                         \">\n                        Welche Voraussetzungen muss eine Alternative zu WhatsApp f\u00fcr uns als Pflegeservice oder Medizinischer Dienst erf\u00fcllen?                    <\/div>\n                                            <\/div>\n            <\/div>\n<\/div>\n\t\t\t\t<\/div>\n\t\t\t\t<div class=\"elementor-element elementor-element-3f8ec9a9 elementor-widget__width-initial elementor-widget elementor-widget-li-icon-text\" data-id=\"3f8ec9a9\" data-element_type=\"widget\" data-widget_type=\"li-icon-text.default\">\n\t\t\t\t\t\n<div class=\"li-elementor-widget li-elementor-widget--li-icon-text\">\n    <div class=\"d-flex icon-text-wrapper items-start flex-row gap-extra-small\">\n        <div class=\"li--icon d-flex icon-extra-small  \">\n            <svg xmlns=\"http:\/\/www.w3.org\/2000\/svg\" width=\"17\" height=\"18\" viewBox=\"0 0 17 18\" fill=\"none\"><path d=\"M8.50098 0.354492C9.65375 0.354492 10.7371 0.57352 11.751 1.01074C12.7647 1.44846 13.6466 2.04214 14.3965 2.79199C15.1465 3.54199 15.7405 4.42459 16.1777 5.43848C16.6154 6.45226 16.834 7.53584 16.834 8.68848C16.8339 9.84111 16.6155 10.9247 16.1777 11.9385C15.7405 12.9522 15.1464 13.8341 14.3965 14.584C13.6465 15.3339 12.7648 15.9281 11.751 16.3652C10.7371 16.803 9.65369 17.0215 8.50098 17.0215C7.34827 17.0215 6.26482 16.803 5.25098 16.3652C4.23718 15.9281 3.35543 15.3339 2.60547 14.584C1.85554 13.8341 1.26143 12.9522 0.824219 11.9385C0.38649 10.9247 0.168018 9.84111 0.167969 8.68848C0.167969 7.53584 0.386545 6.45226 0.824219 5.43848C1.26144 4.42459 1.85547 3.54199 2.60547 2.79199C3.35539 2.04214 4.23724 1.44846 5.25098 1.01074C6.26487 0.57352 7.3482 0.354492 8.50098 0.354492ZM7.33398 10.1885L4.95898 7.81348L3.79297 8.97949L7.33398 12.5215L13.209 6.64648L12.043 5.47949L7.33398 10.1885Z\" fill=\"#1540E8\"><\/path><\/svg>        <\/div>\n                    <div class=\"wrapper d-flex flex-column gap-extra-small justify-start\" style=\"max-width: %\">\n                                    <div class=\"li--text d-flex flex-column\n                    body-md                                         \">\n                        Wie gestalte ich den Wechsel zu einer WhatsApp-Alternative m\u00f6glichst einfach f\u00fcr mein Team?                    <\/div>\n                                            <\/div>\n            <\/div>\n<\/div>\n\t\t\t\t<\/div>\n\t\t\t\t<\/div>\n\t\t\t\t<\/div>\n\t\t<div class=\"elementor-element elementor-element-f2b4318 e-con-full e-flex e-con e-child\" data-id=\"f2b4318\" data-element_type=\"container\">\n\t\t\t\t<div class=\"elementor-element elementor-element-3f379109 elementor-widget elementor-widget-li-widgets--hbspt-form\" data-id=\"3f379109\" data-element_type=\"widget\" data-widget_type=\"li-widgets--hbspt-form.default\">\n\t\t\t\t\t<div class=\"li-widgets--hbspt-form\">\n            <div class=\"hbspt-form\" data-form-config='{\"region\":\"eu1\",\"portalId\":\"143616833\",\"formId\":\"3235a39e-ddc2-46e5-bd45-2a0435a2725b\"}' data-element-id=\".elementor-element-3f379109\"><\/div>\n    <\/div>\t\t\t\t<\/div>\n\t\t\t\t<\/div>\n\t\t\t\t<\/div>\n\t\t\t\t\t<\/div>\n\t\t\t\t<\/div>\n\t\t\t\t<\/div>\n\t\t","protected":false},"excerpt":{"rendered":"<p>Leitfaden Leitfaden: WhatsApp in der Pflege? Lieber nicht! So gelingt der Wechsel zu einer datenschutzkonformen L\u00f6sung. Ohne auf die Flexibilit\u00e4t von WhatsApp verzichten zu m\u00fcssen. Unser Leitfaden verr\u00e4t Ihnen, warum das Verwenden von WhatsApp f\u00fcr Sie als Pflegeservice oder Medizinischer Dienst zum Problem werden kann. Zudem entdecken Sie darin, welche Sicherheitsstufe und welche Features eine [&hellip;]<\/p>\n","protected":false},"author":11,"featured_media":0,"parent":8930,"menu_order":0,"comment_status":"closed","ping_status":"closed","template":"","meta":{"_acf_changed":false,"footnotes":""},"class_list":["post-8959","page","type-page","status-publish","hentry"],"acf":[],"_links":{"self":[{"href":"https:\/\/teamwire.eu\/en\/wp-json\/wp\/v2\/pages\/8959","targetHints":{"allow":["GET"]}}],"collection":[{"href":"https:\/\/teamwire.eu\/en\/wp-json\/wp\/v2\/pages"}],"about":[{"href":"https:\/\/teamwire.eu\/en\/wp-json\/wp\/v2\/types\/page"}],"author":[{"embeddable":true,"href":"https:\/\/teamwire.eu\/en\/wp-json\/wp\/v2\/users\/11"}],"replies":[{"embeddable":true,"href":"https:\/\/teamwire.eu\/en\/wp-json\/wp\/v2\/comments?post=8959"}],"version-history":[{"count":7,"href":"https:\/\/teamwire.eu\/en\/wp-json\/wp\/v2\/pages\/8959\/revisions"}],"predecessor-version":[{"id":15583,"href":"https:\/\/teamwire.eu\/en\/wp-json\/wp\/v2\/pages\/8959\/revisions\/15583"}],"up":[{"embeddable":true,"href":"https:\/\/teamwire.eu\/en\/wp-json\/wp\/v2\/pages\/8930"}],"wp:attachment":[{"href":"https:\/\/teamwire.eu\/en\/wp-json\/wp\/v2\/media?parent=8959"}],"curies":[{"name":"wp","href":"https:\/\/api.w.org\/{rel}","templated":true}]}}